{"id":34,"date":"2017-01-09T16:47:44","date_gmt":"2017-01-09T16:47:44","guid":{"rendered":"http:\/\/www.komornik-banko.pl\/?page_id=34"},"modified":"2023-11-27T12:13:12","modified_gmt":"2023-11-27T12:13:12","slug":"kontakt","status":"publish","type":"page","link":"http:\/\/www.komornik-banko.pl\/?page_id=34","title":{"rendered":"Kontakt"},"content":{"rendered":"\n\n\n<figure class=\"wp-block-image size-full is-resized\"><img loading=\"lazy\" src=\"http:\/\/www.komornik-banko.pl\/wp-content\/uploads\/2022\/10\/komornikK.jpg\" alt=\"\" class=\"wp-image-142\" width=\"675\" height=\"396\" srcset=\"http:\/\/www.komornik-banko.pl\/wp-content\/uploads\/2022\/10\/komornikK.jpg 900w, http:\/\/www.komornik-banko.pl\/wp-content\/uploads\/2022\/10\/komornikK-300x176.jpg 300w, http:\/\/www.komornik-banko.pl\/wp-content\/uploads\/2022\/10\/komornikK-768x451.jpg 768w, http:\/\/www.komornik-banko.pl\/wp-content\/uploads\/2022\/10\/komornikK-50x29.jpg 50w\" sizes=\"(max-width: 675px) 100vw, 675px\" \/><\/figure>\n\n\n<h4 style=\"margin: 0cm; background: white;\"><strong><span style=\"font-family: 'Open Sans',sans-serif; color: #775f5e;\">Komornik S\u0105dowy przy S\u0105dzie Rejonowym Lublin-Zach\u00f3d w Lublinie Pawe\u0142 Ba\u0144ko<\/span><\/strong><\/h4>\n<h4 style=\"box-sizing: inherit; margin: 0cm 0cm 6.0pt 0cm;\"><strong><span style=\"font-family: 'Open Sans',sans-serif; color: #775f5e; background: white;\">Kancelaria Komornicza Nr I w Lublinie<\/span><\/strong><\/h4>\n<h6 style=\"margin: 0cm; line-height: 115%;\"><span style=\"font-size: 11.0pt; line-height: 115%; font-family: 'Open Sans',sans-serif; color: #775f5e; background: white;\">ul. Okopowa 5, lok. 504, 20-022 Lublin<\/span><br><span style=\"font-size: 11.0pt; line-height: 115%; font-family: 'Open Sans',sans-serif; color: #775f5e; background: white;\">tel. +48 81 50 32 119<\/span><br><span style=\"font-size: 11.0pt; line-height: 115%; font-family: 'Open Sans',sans-serif; color: #775f5e; background: white;\">e-mail: lublin.banko@komornik.pl<\/span><br><span style=\"font-size: 11.0pt; line-height: 115%; font-family: 'Open Sans',sans-serif; color: #775f5e; background: white;\">Nr konta: 60 2030 0045 1110 0000 0277 1770<\/span><\/h6>\n<p><\/p>\n<p style=\"margin-bottom: 6.0pt;\"><span style=\"font-size: 11.0pt; font-family: 'Open Sans',sans-serif; color: #775f5e; background: white;\">Kancelaria czynna od poniedzia\u0142ku do pi\u0105tku od 8.00 do 16.00.<\/span><\/p>\n<p style=\"text-align: justify; line-height: 115%; margin: 0cm 0cm 6.0pt 0cm;\"><span style=\"font-size: 11.0pt; line-height: 115%; font-family: 'Open Sans',sans-serif; color: #775f5e; background: white;\">Komornik przyjmuje interesant\u00f3w we wtorki w godzinach od 10.00 do 15.00.<\/span><\/p>\n<p style=\"text-align: justify; line-height: 115%; margin: 0cm 0cm 6.0pt 0cm;\"><span style=\"font-size: 11.0pt; line-height: 115%; font-family: 'Open Sans',sans-serif; color: #775f5e; background: white;\">Kontakt telefoniczny mo\u017cliwy w poniedzia\u0142ek, \u015brod\u0119, czwartek i pi\u0105tek w godzinach od 8.00 do 10.00 oraz we wtorek od 9.00 do 15.00.<\/span><\/p>\n<p style=\"margin: 0cm; line-height: 115%; box-sizing: inherit;\">\n<\/p><p style=\"text-align: justify; line-height: 115%; margin: 0cm 0cm 6.0pt 0cm;\">\n<\/p><p style=\"text-align: justify; line-height: 115%; margin: 0cm 0cm 6.0pt 0cm;\"><\/p>\n\n\n<p><\/p>\n\n\n\n<p><\/p>\n\n\n\n<p><\/p>\n\n\n\n<p><\/p>\n\n\n\n<p><\/p>\n","protected":false},"excerpt":{"rendered":"<p>Komornik S\u0105dowy przy S\u0105dzie Rejonowym Lublin-Zach\u00f3d w Lublinie Pawe\u0142 Ba\u0144ko Kancelaria Komornicza Nr I w Lublinie ul. Okopowa 5, lok. 504, 20-022 Lublintel. +48 81 50 32 119e-mail: lublin.banko@komornik.plNr konta: 60 2030 0045 1110 0000 0277 1770 Kancelaria czynna od poniedzia\u0142ku do pi\u0105tku od 8.00 do 16.00. Komornik przyjmuje interesant\u00f3w we wtorki w godzinach od [&hellip;]<\/p>\n","protected":false},"author":1,"featured_media":0,"parent":0,"menu_order":0,"comment_status":"closed","ping_status":"closed","template":"","meta":[],"wppr_data":{"cwp_meta_box_check":"No"},"_links":{"self":[{"href":"http:\/\/www.komornik-banko.pl\/index.php?rest_route=\/wp\/v2\/pages\/34"}],"collection":[{"href":"http:\/\/www.komornik-banko.pl\/index.php?rest_route=\/wp\/v2\/pages"}],"about":[{"href":"http:\/\/www.komornik-banko.pl\/index.php?rest_route=\/wp\/v2\/types\/page"}],"author":[{"embeddable":true,"href":"http:\/\/www.komornik-banko.pl\/index.php?rest_route=\/wp\/v2\/users\/1"}],"replies":[{"embeddable":true,"href":"http:\/\/www.komornik-banko.pl\/index.php?rest_route=%2Fwp%2Fv2%2Fcomments&post=34"}],"version-history":[{"count":20,"href":"http:\/\/www.komornik-banko.pl\/index.php?rest_route=\/wp\/v2\/pages\/34\/revisions"}],"predecessor-version":[{"id":187,"href":"http:\/\/www.komornik-banko.pl\/index.php?rest_route=\/wp\/v2\/pages\/34\/revisions\/187"}],"wp:attachment":[{"href":"http:\/\/www.komornik-banko.pl\/index.php?rest_route=%2Fwp%2Fv2%2Fmedia&parent=34"}],"curies":[{"name":"wp","href":"https:\/\/api.w.org\/{rel}","templated":true}]}}